{"id":7232,"date":"2024-06-14T12:27:21","date_gmt":"2024-06-14T15:27:21","guid":{"rendered":"https:\/\/www.secheep.gob.ar\/?page_id=7232"},"modified":"2024-06-14T12:41:45","modified_gmt":"2024-06-14T15:41:45","slug":"borrador-automatico-3","status":"publish","type":"page","link":"https:\/\/www.secheep.gob.ar\/?page_id=7232","title":{"rendered":"Formulario de Alumbrado P\u00fablico"},"content":{"rendered":"<p>[et_pb_section fb_built=\u00bb1&#8243; _builder_version=\u00bb4.25.1&#8243; _module_preset=\u00bbdefault\u00bb background_color=\u00bb#1b3760&#8243; global_colors_info=\u00bb{}\u00bb][et_pb_row _builder_version=\u00bb4.25.1&#8243; _module_preset=\u00bbdefault\u00bb custom_padding=\u00bb||13px|||\u00bb global_colors_info=\u00bb{}\u00bb][et_pb_column type=\u00bb4_4&#8243; _builder_version=\u00bb4.25.1&#8243; _module_preset=\u00bbdefault\u00bb global_colors_info=\u00bb{}\u00bb][et_pb_text _builder_version=\u00bb4.25.1&#8243; _module_preset=\u00bbdefault\u00bb text_font=\u00bb&#8211;et_global_heading_font||||||||\u00bb text_text_color=\u00bb#FFFFFF\u00bb text_font_size=\u00bb36px\u00bb background_enable_color=\u00bboff\u00bb background_image=\u00bbhttps:\/\/www.secheep.gob.ar\/wp-content\/uploads\/2024\/06\/foto-alumbrado-azul.jpg\u00bb text_orientation=\u00bbcenter\u00bb custom_margin=\u00bb0px||||false|false\u00bb custom_padding=\u00bb100px||100px||true|false\u00bb text_text_shadow_style=\u00bbpreset1&#8243; global_colors_info=\u00bb{}\u00bb]<\/p>\n<p>FORMULARIO DE RECLAMOS PARA ALUMBRADO P\u00daBLICO<\/p>\n<p>[\/et_pb_text][\/et_pb_column][\/et_pb_row][\/et_pb_section][et_pb_section fb_built=\u00bb1&#8243; _builder_version=\u00bb4.25.1&#8243; _module_preset=\u00bbdefault\u00bb use_background_color_gradient=\u00bbon\u00bb background_color_gradient_stops=\u00bb#1b3760 0%|#2064a8 100%\u00bb global_colors_info=\u00bb{}\u00bb][et_pb_row _builder_version=\u00bb4.25.1&#8243; _module_preset=\u00bbdefault\u00bb global_colors_info=\u00bb{}\u00bb][et_pb_column type=\u00bb4_4&#8243; _builder_version=\u00bb4.25.1&#8243; _module_preset=\u00bbdefault\u00bb global_colors_info=\u00bb{}\u00bb][et_pb_text _builder_version=\u00bb4.25.2&#8243; _module_preset=\u00bbdefault\u00bb text_text_color=\u00bb#FFFFFF\u00bb global_colors_info=\u00bb{}\u00bb]<\/p>\n<p style=\"text-align: justify;\">En SECHEEP <strong>nos comprometemos a brindar un servicio de alumbrado p\u00fablico de calidad a los clientes del \u00e1rea metropolitana.<\/strong> Para facilitar la comunicaci\u00f3n y atender de manera oportuna las necesidades de la comunidad, hemos dise\u00f1ado este formulario en l\u00ednea de f\u00e1cil uso.<\/p>\n<p style=\"text-align: justify;\">A trav\u00e9s de este formulario, los clientes de <strong>Resistencia, Basail, Colonia Baranda, Cote Lai, Barranqueras, Fontana, Puerto Vilelas, Puerto Tirol, Colonia Popular, Laguna Blanca, Makall\u00e9, Margarita Bel\u00e9n, Colonia Ben\u00edtez e Isla del Cerrito<\/strong> podr\u00e1n presentar de manera sencilla y directa sus reclamos relacionados con el alumbrado p\u00fablico.<\/p>\n<p style=\"text-align: justify;\">Para aquellas localidades que no se encuentren incluidas en la lista anterior, les recomendamos comunicarse al 0800-7777-589, donde nuestro equipo de atenci\u00f3n al cliente estar\u00e1 a su disposici\u00f3n para recibir y atender sus reclamos.<\/p>\n<p>[\/et_pb_text][\/et_pb_column][\/et_pb_row][\/et_pb_section][et_pb_section fb_built=\u00bb1&#8243; _builder_version=\u00bb4.25.1&#8243; _module_preset=\u00bbdefault\u00bb use_background_color_gradient=\u00bbon\u00bb background_color_gradient_stops=\u00bb#2064a8 0%|#2064a8 100%\u00bb global_colors_info=\u00bb{}\u00bb][et_pb_row _builder_version=\u00bb4.25.1&#8243; _module_preset=\u00bbdefault\u00bb global_colors_info=\u00bb{}\u00bb][et_pb_column type=\u00bb4_4&#8243; _builder_version=\u00bb4.25.1&#8243; _module_preset=\u00bbdefault\u00bb global_colors_info=\u00bb{}\u00bb][et_pb_text _builder_version=\u00bb4.25.1&#8243; _module_preset=\u00bbdefault\u00bb text_font=\u00bb&#8211;et_global_heading_font||||||||\u00bb text_text_color=\u00bb#FFFFFF\u00bb text_font_size=\u00bb28px\u00bb global_colors_info=\u00bb{}\u00bb]<\/p>\n<p class=\"p1\">\u00bfQu\u00e9 datos voy a necesitar de mi factura?<\/p>\n<p>[\/et_pb_text][et_pb_text _builder_version=\u00bb4.25.1&#8243; _module_preset=\u00bbdefault\u00bb text_font=\u00bb&#8211;et_global_body_font||||||||\u00bb text_text_color=\u00bb#FFFFFF\u00bb global_colors_info=\u00bb{}\u00bb]<\/p>\n<p>El formulario de reclamos para alumbrado p\u00fablico solicitar\u00e1 el n\u00famero de <strong>cliente\/suministro<\/strong> y el n\u00famero de <strong>ruta<\/strong> de la factura.<\/p>\n<p class=\"p1\">Los podes ver en tu factura ac\u00e1 <span class=\"s1\">\ud83d\udc47<\/span><\/p>\n<p>[\/et_pb_text][et_pb_image src=\u00bbhttps:\/\/www.secheep.gob.ar\/wp-content\/uploads\/2024\/06\/fondo-alumbrado.png\u00bb title_text=\u00bbfondo-alumbrado\u00bb _builder_version=\u00bb4.25.1&#8243; _module_preset=\u00bbdefault\u00bb global_colors_info=\u00bb{}\u00bb][\/et_pb_image][\/et_pb_column][\/et_pb_row][et_pb_row _builder_version=\u00bb4.25.1&#8243; _module_preset=\u00bbdefault\u00bb global_colors_info=\u00bb{}\u00bb][et_pb_column type=\u00bb4_4&#8243; _builder_version=\u00bb4.25.1&#8243; _module_preset=\u00bbdefault\u00bb global_colors_info=\u00bb{}\u00bb][et_pb_text _builder_version=\u00bb4.25.1&#8243; _module_preset=\u00bbdefault\u00bb text_font=\u00bb&#8211;et_global_heading_font||||||||\u00bb text_text_color=\u00bb#FFFFFF\u00bb text_font_size=\u00bb28px\u00bb text_orientation=\u00bbcenter\u00bb global_colors_info=\u00bb{}\u00bb]<\/p>\n<p class=\"p1\"><span>Complet\u00e1 el <\/span>Formulario <span>\ud83d\udccb\ud83d\udc47<\/span><\/p>\n<p>[\/et_pb_text][et_pb_code _builder_version=\u00bb4.25.2&#8243; _module_preset=\u00bbdefault\u00bb text_orientation=\u00bbcenter\u00bb module_alignment=\u00bbleft\u00bb global_colors_info=\u00bb{}\u00bb]<iframe loading=\"lazy\" width=\"1280px\" height=\"1000px\" src=\"https:\/\/forms.office.com\/r\/UxLRDGQJ9p?embed=true\" frameborder=\"0\" marginwidth=\"0\" marginheight=\"0\" style=\"border: none; max-width:100%; max-height:100vh\" allowfullscreen webkitallowfullscreen mozallowfullscreen msallowfullscreen> <\/iframe>[\/et_pb_code][\/et_pb_column][\/et_pb_row][\/et_pb_section]<\/p>\n","protected":false},"excerpt":{"rendered":"<p>FORMULARIO DE RECLAMOS PARA ALUMBRADO P\u00daBLICOEn SECHEEP nos comprometemos a brindar un servicio de alumbrado p\u00fablico de calidad a los clientes del \u00e1rea metropolitana. Para facilitar la comunicaci\u00f3n y atender de manera oportuna las necesidades de la comunidad, hemos dise\u00f1ado este formulario en l\u00ednea de f\u00e1cil uso. A trav\u00e9s de este formulario, los clientes de [&hellip;]<\/p>\n","protected":false},"author":7,"featured_media":0,"parent":0,"menu_order":0,"comment_status":"closed","ping_status":"closed","template":"","meta":{"_et_pb_use_builder":"on","_et_pb_old_content":"","_et_gb_content_width":"","_joinchat":[]},"_links":{"self":[{"href":"https:\/\/www.secheep.gob.ar\/index.php?rest_route=\/wp\/v2\/pages\/7232"}],"collection":[{"href":"https:\/\/www.secheep.gob.ar\/index.php?rest_route=\/wp\/v2\/pages"}],"about":[{"href":"https:\/\/www.secheep.gob.ar\/index.php?rest_route=\/wp\/v2\/types\/page"}],"author":[{"embeddable":true,"href":"https:\/\/www.secheep.gob.ar\/index.php?rest_route=\/wp\/v2\/users\/7"}],"replies":[{"embeddable":true,"href":"https:\/\/www.secheep.gob.ar\/index.php?rest_route=%2Fwp%2Fv2%2Fcomments&post=7232"}],"version-history":[{"count":9,"href":"https:\/\/www.secheep.gob.ar\/index.php?rest_route=\/wp\/v2\/pages\/7232\/revisions"}],"predecessor-version":[{"id":7846,"href":"https:\/\/www.secheep.gob.ar\/index.php?rest_route=\/wp\/v2\/pages\/7232\/revisions\/7846"}],"wp:attachment":[{"href":"https:\/\/www.secheep.gob.ar\/index.php?rest_route=%2Fwp%2Fv2%2Fmedia&parent=7232"}],"curies":[{"name":"wp","href":"https:\/\/api.w.org\/{rel}","templated":true}]}}