{"id":666,"date":"2020-11-06T01:14:27","date_gmt":"2020-11-06T04:14:27","guid":{"rendered":"http:\/\/new.secheep.com\/?page_id=666"},"modified":"2024-04-29T10:42:22","modified_gmt":"2024-04-29T13:42:22","slug":"medios-de-pago","status":"publish","type":"page","link":"https:\/\/www.secheep.gob.ar\/?page_id=666","title":{"rendered":"MEDIOS DE PAGO"},"content":{"rendered":"<p>[et_pb_section fb_built=\u00bb1&#8243; fullwidth=\u00bbon\u00bb _builder_version=\u00bb4.16&#8243; _module_preset=\u00bbdefault\u00bb background_color=\u00bb#1d60a9&#8243; global_colors_info=\u00bb{}\u00bb][et_pb_fullwidth_header title=\u00bbMEDIOS DE PAGO\u00bb button_one_url=\u00bbhttps:\/\/oficinavirtual.secheep.gob.ar\/\u00bb _builder_version=\u00bb4.24.3&#8243; _module_preset=\u00bbdefault\u00bb title_font=\u00bbKanit|600|||||||\u00bb content_font=\u00bbMontserrat|300|||||||\u00bb content_line_height=\u00bb1.4em\u00bb background_color=\u00bbgcid-aded7d43-92b8-43fb-a8ba-e840a5304eee\u00bb custom_button_one=\u00bbon\u00bb button_one_text_color=\u00bbgcid-aded7d43-92b8-43fb-a8ba-e840a5304eee\u00bb button_one_bg_color=\u00bbgcid-6f769a1c-36da-4f9e-bb08-06ab65c53197&#8243; button_one_border_width=\u00bb0px\u00bb button_one_border_radius=\u00bb8px\u00bb custom_padding=\u00bb37px||33px|||\u00bb global_colors_info=\u00bb{%22gcid-aded7d43-92b8-43fb-a8ba-e840a5304eee%22:%91%22background_color%22,%22button_one_text_color%22%93,%22gcid-6f769a1c-36da-4f9e-bb08-06ab65c53197%22:%91%22button_one_bg_color%22%93}\u00bb]<\/p>\n<p>Conoc\u00e9 <span>todas las <strong>opciones de pagos disponibles<\/strong> para abonar tus facturas.<\/span><\/p>\n<p>[\/et_pb_fullwidth_header][et_pb_fullwidth_header title=\u00bbPag\u00e1 sin moverte de tu casa \u00bb button_one_text=\u00bbINGRES\u00c1 A NUESTRA OFICINA VIRTUAL \u00bb button_one_url=\u00bbhttps:\/\/oficinavirtual.secheep.gob.ar\/\u00bb disabled_on=\u00bboff|off|off\u00bb _builder_version=\u00bb4.25.0&#8243; _module_preset=\u00bbdefault\u00bb title_font=\u00bbMontserrat|700|||||||\u00bb title_font_size=\u00bb2vw\u00bb content_font=\u00bbMontserrat||||||||\u00bb content_font_size=\u00bb1.1vw\u00bb background_image=\u00bbhttps:\/\/www.secheep.gob.ar\/wp-content\/uploads\/2024\/04\/imagen-oficina-ok-2.png\u00bb parallax=\u00bbon\u00bb background_blend=\u00bbdarken\u00bb background_pattern_repeat_origin=\u00bbbottom_left\u00bb custom_button_one=\u00bbon\u00bb button_one_text_size=\u00bb1vw\u00bb button_one_text_color=\u00bb#FFFFFF\u00bb button_one_bg_color=\u00bb#2871b7&#8243; button_one_border_width=\u00bb0px\u00bb button_one_border_radius=\u00bb8px\u00bb button_one_font=\u00bbMontserrat||||||||\u00bb button_one_custom_margin_tablet=\u00bb|20vw||20vw|false|true\u00bb button_one_custom_margin_phone=\u00bb|4.2vw||4.2vw|false|true\u00bb button_one_custom_margin_last_edited=\u00bbon|tablet\u00bb button_one_custom_padding=\u00bb|4.8vw||4.8vw|false|true\u00bb hover_enabled=\u00bb0&#8243; title_text_align_tablet=\u00bbleft\u00bb title_text_align_phone=\u00bbleft\u00bb title_text_align_last_edited=\u00bbon|phone\u00bb title_font_size_tablet=\u00bb4vw\u00bb title_font_size_phone=\u00bb10vw\u00bb title_font_size_last_edited=\u00bbon|phone\u00bb content_text_align_tablet=\u00bbleft\u00bb content_text_align_phone=\u00bbleft\u00bb content_text_align_last_edited=\u00bbon|desktop\u00bb content_font_size_tablet=\u00bb1.8vw\u00bb content_font_size_phone=\u00bb3.8vw\u00bb content_font_size_last_edited=\u00bbon|phone\u00bb button_one_text_size_tablet=\u00bb1.3vw\u00bb button_one_text_size_phone=\u00bb3.8vw\u00bb button_one_text_size_last_edited=\u00bbon|desktop\u00bb button_one_font_last_edited=\u00bboff|desktop\u00bb button_one_icon_placement_tablet=\u00bbright\u00bb button_one_icon_placement_phone=\u00bbright\u00bb button_one_icon_placement_last_edited=\u00bbon|tablet\u00bb locked=\u00bboff\u00bb global_colors_info=\u00bb{%22gcid-aded7d43-92b8-43fb-a8ba-e840a5304eee%22:%91%22background_color%22%93}\u00bb button_one_text_size__hover_enabled=\u00bboff|hover\u00bb button_one_bg_color__hover_enabled=\u00bbon|hover\u00bb button_one_bg_color__hover=\u00bb#FFFFFF\u00bb button_one_bg_enable_color__hover=\u00bbon\u00bb button_one_text_color__hover_enabled=\u00bbon|hover\u00bb button_one_text_color__hover=\u00bb#000000&#8243; background_enable_color=\u00bboff\u00bb title_text=\u00bbimagen oficina ok\u00bb background_layout=\u00bblight\u00bb sticky_enabled=\u00bb0&#8243;]<\/p>\n<p><span>Desde nuestra oficina virtual podes consultar, descargar y pagar tus facturas.<\/span><\/p>\n<p>[\/et_pb_fullwidth_header][\/et_pb_section][et_pb_section fb_built=\u00bb1&#8243; _builder_version=\u00bb4.24.3&#8243; _module_preset=\u00bbdefault\u00bb background_color=\u00bb#063565&#8243; global_colors_info=\u00bb{}\u00bb][et_pb_row column_structure=\u00bb3_5,2_5&#8243; disabled_on=\u00bboff|off|off\u00bb _builder_version=\u00bb4.24.3&#8243; _module_preset=\u00bbdefault\u00bb global_colors_info=\u00bb{}\u00bb][et_pb_column type=\u00bb3_5&#8243; disabled_on=\u00bbon|on|on\u00bb _builder_version=\u00bb4.24.3&#8243; _module_preset=\u00bbdefault\u00bb disabled=\u00bbon\u00bb global_colors_info=\u00bb{}\u00bb][et_pb_text content_tablet=\u00bb<\/p>\n<p><span class=%22x1c3i2sq x19la9d6 x1fc57z9 xexx8yu x19um543 x18d9i69 x1m6msm x6ikm8r x10wlt62 x19co3pv x1g5zs5t xfibh0p xiy17q3 x1xsqp64%22><span class=%22%22>Podes ingresar desde ac\u00e1 \u2b07\ufe0f<\/span><\/span><\/p>\n<p>\u00bb content_phone=\u00bb<\/p>\n<p>Podes ingresar desde ac\u00e1 \u2b07\ufe0f<\/p>\n<p>\u00bb content_last_edited=\u00bbon|phone\u00bb _builder_version=\u00bb4.24.3&#8243; _module_preset=\u00bbdefault\u00bb text_text_color=\u00bb#FFFFFF\u00bb text_font_size=\u00bb22px\u00bb text_font_size_tablet=\u00bb22px\u00bb text_font_size_phone=\u00bb16px\u00bb text_font_size_last_edited=\u00bbon|desktop\u00bb global_colors_info=\u00bb{}\u00bb][\/et_pb_text][et_pb_code _builder_version=\u00bb4.24.3&#8243; _module_preset=\u00bbdefault\u00bb global_colors_info=\u00bb{}\u00bb]<iframe loading=\"lazy\" src=\"https:\/\/oficinavirtual.secheep.gob.ar\/Identity\/Account\/Login\" height=\"600\" width=\"1920\"><\/iframe>[\/et_pb_code][\/et_pb_column][et_pb_column type=\u00bb2_5&#8243; disabled_on=\u00bbon|on|on\u00bb _builder_version=\u00bb4.24.3&#8243; _module_preset=\u00bbdefault\u00bb disabled=\u00bbon\u00bb global_colors_info=\u00bb{}\u00bb][et_pb_divider show_divider=\u00bboff\u00bb _builder_version=\u00bb4.24.3&#8243; _module_preset=\u00bbdefault\u00bb height=\u00bb50px\u00bb height_tablet=\u00bb50px\u00bb height_phone=\u00bb50px\u00bb height_last_edited=\u00bbon|phone\u00bb global_colors_info=\u00bb{}\u00bb][\/et_pb_divider][et_pb_blurb image=\u00bbhttps:\/\/www.secheep.gob.ar\/wp-content\/uploads\/2024\/04\/of-virtual@150x.png\u00bb image_icon_width=\u00bb94%\u00bb icon_alignment=\u00bbleft\u00bb image_tablet=\u00bb\u00bb image_phone=\u00bb\u00bb image_last_edited=\u00bbon|desktop\u00bb icon_placement_tablet=\u00bbleft\u00bb icon_placement_phone=\u00bbleft\u00bb icon_placement_last_edited=\u00bbon|tablet\u00bb image_icon_width_tablet=\u00bb118%\u00bb image_icon_width_phone=\u00bb118%\u00bb image_icon_width_last_edited=\u00bbon|tablet\u00bb _builder_version=\u00bb4.24.3&#8243; _module_preset=\u00bbdefault\u00bb body_font=\u00bbKanit|700|||||||\u00bb body_text_color=\u00bb#FFFFFF\u00bb body_font_size=\u00bb55px\u00bb body_line_height=\u00bb1.2em\u00bb background_enable_color=\u00bboff\u00bb global_colors_info=\u00bb{}\u00bb]<\/p>\n<p class=\"p1\"><b>Pag\u00e1, imprim\u00ed o descarg\u00e1 tu factura.<\/b><\/p>\n<p>[\/et_pb_blurb][et_pb_text content_tablet=\u00bb\u00bb content_phone=\u00bb\u00bb content_last_edited=\u00bbon|desktop\u00bb _builder_version=\u00bb4.24.3&#8243; _module_preset=\u00bbdefault\u00bb text_text_color=\u00bb#FFFFFF\u00bb text_font_size=\u00bb22px\u00bb global_colors_info=\u00bb{}\u00bb]<\/p>\n<p><span class=\"x1c3i2sq x19la9d6 x1fc57z9 xexx8yu x19um543 x18d9i69 x1m6msm x6ikm8r x10wlt62 x19co3pv x1g5zs5t xfibh0p xiy17q3 x1xsqp64\"><span class=\"\">\u2b05\ufe0f Podes ingresar desde ac\u00e1<\/span><\/span><\/p>\n<p>[\/et_pb_text][\/et_pb_column][\/et_pb_row][\/et_pb_section][et_pb_section fb_built=\u00bb1&#8243; _builder_version=\u00bb4.16&#8243; _module_preset=\u00bbdefault\u00bb custom_margin=\u00bb|0px||0px|false|false\u00bb custom_padding=\u00bb|||0px|false|false\u00bb global_colors_info=\u00bb{}\u00bb][et_pb_row use_custom_gutter=\u00bbon\u00bb gutter_width=\u00bb1&#8243; make_equal=\u00bbon\u00bb disabled_on=\u00bbon|on|on\u00bb _builder_version=\u00bb4.24.3&#8243; _module_preset=\u00bbdefault\u00bb width=\u00bb100%\u00bb max_width=\u00bb1920px\u00bb custom_padding=\u00bb6px||3px|||\u00bb disabled=\u00bbon\u00bb global_colors_info=\u00bb{}\u00bb][et_pb_column type=\u00bb4_4&#8243; _builder_version=\u00bb4.16&#8243; _module_preset=\u00bbdefault\u00bb global_colors_info=\u00bb{}\u00bb][et_pb_slider _builder_version=\u00bb4.24.2&#8243; _module_preset=\u00bbdefault\u00bb height=\u00bb600px\u00bb height_tablet=\u00bb600px\u00bb height_phone=\u00bb113px\u00bb height_last_edited=\u00bbon|phone\u00bb max_height=\u00bb600px\u00bb custom_padding=\u00bb||185px|||\u00bb animation_style=\u00bbfold\u00bb animation_duration=\u00bb1100ms\u00bb auto=\u00bbon\u00bb global_colors_info=\u00bb{}\u00bb][et_pb_slide _builder_version=\u00bb4.24.2&#8243; _module_preset=\u00bbdefault\u00bb background_enable_color=\u00bboff\u00bb background_image=\u00bbhttps:\/\/www.secheep.gob.ar\/wp-content\/uploads\/2023\/04\/banner.jpg\u00bb background_enable_image=\u00bbon\u00bb background_position=\u00bbtop_center\u00bb width_tablet=\u00bb\u00bb width_phone=\u00bb\u00bb width_last_edited=\u00bbon|phone\u00bb background_last_edited=\u00bbon|phone\u00bb background_image_tablet=\u00bbhttps:\/\/www.secheep.gob.ar\/wp-content\/uploads\/2023\/04\/banner.jpg\u00bb background_enable_image_tablet=\u00bbon\u00bb background_size_phone=\u00bbcontain\u00bb global_colors_info=\u00bb{}\u00bb sticky_transition=\u00bbon\u00bb][\/et_pb_slide][\/et_pb_slider][\/et_pb_column][\/et_pb_row][\/et_pb_section][et_pb_section fb_built=\u00bb1&#8243; _builder_version=\u00bb4.16&#8243; _module_preset=\u00bbdefault\u00bb custom_margin=\u00bb|0px||0px|false|false\u00bb custom_padding=\u00bb|||0px|false|false\u00bb global_colors_info=\u00bb{}\u00bb][et_pb_row _builder_version=\u00bb4.24.3&#8243; _module_preset=\u00bbdefault\u00bb min_height=\u00bb87.2px\u00bb global_colors_info=\u00bb{}\u00bb][et_pb_column type=\u00bb4_4&#8243; _builder_version=\u00bb4.24.3&#8243; _module_preset=\u00bbdefault\u00bb global_colors_info=\u00bb{}\u00bb][et_pb_text disabled_on=\u00bbon|on|on\u00bb _builder_version=\u00bb4.24.3&#8243; _module_preset=\u00bbdefault\u00bb text_font=\u00bbMontserrat|700|||||||\u00bb disabled=\u00bbon\u00bb global_colors_info=\u00bb{}\u00bb]<\/p>\n<p class=\"p1\" style=\"text-align: center;\">Tambi\u00e9n podes abonar tu factura de SECHEEP utilizando otros medios de pagos<\/p>\n<p>[\/et_pb_text][\/et_pb_column][\/et_pb_row][et_pb_row column_structure=\u00bb1_5,1_5,1_5,1_5,1_5&#8243; use_custom_gutter=\u00bbon\u00bb gutter_width=\u00bb2&#8243; make_equal=\u00bbon\u00bb _builder_version=\u00bb4.16&#8243; _module_preset=\u00bbdefault\u00bb global_colors_info=\u00bb{}\u00bb][et_pb_column type=\u00bb1_5&#8243; _builder_version=\u00bb4.16&#8243; _module_preset=\u00bbdefault\u00bb global_colors_info=\u00bb{}\u00bb][et_pb_image src=\u00bbhttps:\/\/www.secheep.gob.ar\/wp-content\/uploads\/2023\/04\/banner-rectangular.png\u00bb title_text=\u00bb01loti\u00bb url=\u00bbhttps:\/\/24.nbch.com.ar\/\u00bb url_new_window=\u00bbon\u00bb _builder_version=\u00bb4.20.4&#8243; _module_preset=\u00bbdefault\u00bb animation_style=\u00bbfold\u00bb global_colors_info=\u00bb{}\u00bb][\/et_pb_image][et_pb_image src=\u00bbhttp:\/\/new.secheep.com\/wp-content\/uploads\/2020\/12\/07caja.png\u00bb title_text=\u00bb01loti\u00bb url=\u00bbhttp:\/\/cmr.gob.ar\/index.php\/modulos\u00bb _builder_version=\u00bb4.16&#8243; _module_preset=\u00bbdefault\u00bb animation_style=\u00bbfold\u00bb global_colors_info=\u00bb{}\u00bb][\/et_pb_image][\/et_pb_column][et_pb_column type=\u00bb1_5&#8243; _builder_version=\u00bb4.16&#8243; _module_preset=\u00bbdefault\u00bb global_colors_info=\u00bb{}\u00bb][et_pb_image src=\u00bbhttp:\/\/new.secheep.com\/wp-content\/uploads\/2020\/12\/01loti.png\u00bb title_text=\u00bb01loti\u00bb url=\u00bbhttps:\/\/loteria.chaco.gov.ar\/agencia_casino?page=41&#8243; _builder_version=\u00bb4.20.4&#8243; _module_preset=\u00bbdefault\u00bb animation_style=\u00bbfold\u00bb global_colors_info=\u00bb{}\u00bb][\/et_pb_image][et_pb_image src=\u00bbhttp:\/\/new.secheep.com\/wp-content\/uploads\/2020\/12\/06tuyo.png\u00bb title_text=\u00bb01loti\u00bb url=\u00bbhttps:\/\/www.google.com\/search?rlz=1C1CHBF_esAR899AR899&#038;tbm=lcl&#038;ei=eJ7YX7W9BvPC5OUPqYiRuAg&#038;btnG=Buscar&#038;q=rapipagos+google+map+chaco#rlfi=hd:;si:;mv:%91%91-27.4121599,-58.966022499999994%93,%91-27.4909334,-59.048202499999995%93%93;tbs:lrf:!1m4!1u3!2m2!3m1!1e1!2m1!1e3!3sIAE,lf:1,lf_ui:4&#8243; _builder_version=\u00bb4.16&#8243; _module_preset=\u00bbdefault\u00bb animation_style=\u00bbfold\u00bb global_colors_info=\u00bb{}\u00bb][\/et_pb_image][\/et_pb_column][et_pb_column type=\u00bb1_5&#8243; _builder_version=\u00bb4.16&#8243; _module_preset=\u00bbdefault\u00bb global_colors_info=\u00bb{}\u00bb][et_pb_image src=\u00bbhttp:\/\/new.secheep.com\/wp-content\/uploads\/2020\/12\/04tuyo.png\u00bb title_text=\u00bb01loti\u00bb _builder_version=\u00bb4.16&#8243; _module_preset=\u00bbdefault\u00bb animation_style=\u00bbfold\u00bb global_colors_info=\u00bb{}\u00bb][\/et_pb_image][et_pb_image src=\u00bbhttp:\/\/new.secheep.com\/wp-content\/uploads\/2020\/12\/09mpago.png\u00bb title_text=\u00bb01loti\u00bb url=\u00bbhttps:\/\/www.mercadopago.com.ar\/servicios#:~:text=Abr%C3%AD%20la%20app%20de%20Mercado%20Pago%20e%20ingres%C3%A1%20a%20Pagar%20servicios.&#038;text=Escane%C3%A1%20el%20c%C3%B3digo%20de%20barras%20de%20tu%20factura.&#038;text=Pag%C3%A1%20con%20dinero%20en%20cuenta,%C2%A1Y%20listo!\u00bb _builder_version=\u00bb4.16&#8243; _module_preset=\u00bbdefault\u00bb animation_style=\u00bbfold\u00bb global_colors_info=\u00bb{}\u00bb src__hover_enabled=\u00bbon|desktop\u00bb src__hover=\u00bbhttp:\/\/new.secheep.com\/wp-content\/uploads\/2020\/12\/09mpago.png\u00bb][\/et_pb_image][\/et_pb_column][et_pb_column type=\u00bb1_5&#8243; _builder_version=\u00bb4.16&#8243; _module_preset=\u00bbdefault\u00bb global_colors_info=\u00bb{}\u00bb][et_pb_image src=\u00bbhttp:\/\/new.secheep.com\/wp-content\/uploads\/2020\/12\/03link.png\u00bb title_text=\u00bb01loti\u00bb url=\u00bbhttps:\/\/www.nbch.com.ar\/Institucional\/Sucursales-y-Cajeros\u00bb _builder_version=\u00bb4.16&#8243; _module_preset=\u00bbdefault\u00bb animation_style=\u00bbfold\u00bb global_colors_info=\u00bb{}\u00bb][\/et_pb_image][et_pb_image src=\u00bbhttp:\/\/new.secheep.com\/wp-content\/uploads\/2020\/12\/10.png\u00bb title_text=\u00bb01loti\u00bb _builder_version=\u00bb4.16&#8243; _module_preset=\u00bbdefault\u00bb animation_style=\u00bbfold\u00bb global_colors_info=\u00bb{}\u00bb][\/et_pb_image][\/et_pb_column][et_pb_column type=\u00bb1_5&#8243; _builder_version=\u00bb4.16&#8243; _module_preset=\u00bbdefault\u00bb global_colors_info=\u00bb{}\u00bb][et_pb_image src=\u00bbhttp:\/\/new.secheep.com\/wp-content\/uploads\/2020\/12\/05tuyo.png\u00bb title_text=\u00bb01loti\u00bb url=\u00bbhttps:\/\/www.google.com\/search?rlz=1C1CHBF_esAR899AR899&#038;tbs=lf:1,lf_ui:4&#038;tbm=lcl&#038;q=rapipagos+google+map+chaco&#038;rflfq=1&#038;num=10&#038;ved=2ahUKEwj24rjc6s_tAhXIHLkGHbtnCmYQtgN6BAgEEAc#rlfi=hd:;si:;mv:%91%91-27.443434064855328,-58.97358192853821%93,%91-27.458210412219902,-59.00576843671692%93,null,%91-27.450822485987675,-58.989675182627565%93,16%93&#8243; _builder_version=\u00bb4.16&#8243; _module_preset=\u00bbdefault\u00bb animation_style=\u00bbfold\u00bb global_colors_info=\u00bb{}\u00bb][\/et_pb_image][et_pb_image src=\u00bbhttp:\/\/new.secheep.com\/wp-content\/uploads\/2020\/12\/02tel.png\u00bb title_text=\u00bb01loti\u00bb _builder_version=\u00bb4.16&#8243; _module_preset=\u00bbdefault\u00bb animation_style=\u00bbfold\u00bb global_colors_info=\u00bb{}\u00bb][\/et_pb_image][\/et_pb_column][\/et_pb_row][\/et_pb_section]<\/p>\n","protected":false},"excerpt":{"rendered":"<p>Conoc\u00e9 todas las opciones de pagos disponibles para abonar tus facturas.Desde nuestra oficina virtual podes consultar, descargar y pagar tus facturas.Pag\u00e1, imprim\u00ed o descarg\u00e1 tu factura.\u2b05\ufe0f Podes ingresar desde ac\u00e1Tambi\u00e9n podes abonar tu factura de SECHEEP utilizando otros medios de pagos<\/p>\n","protected":false},"author":1,"featured_media":0,"parent":0,"menu_order":0,"comment_status":"closed","ping_status":"closed","template":"","meta":{"_et_pb_use_builder":"on","_et_pb_old_content":"","_et_gb_content_width":"","_joinchat":[]},"_links":{"self":[{"href":"https:\/\/www.secheep.gob.ar\/index.php?rest_route=\/wp\/v2\/pages\/666"}],"collection":[{"href":"https:\/\/www.secheep.gob.ar\/index.php?rest_route=\/wp\/v2\/pages"}],"about":[{"href":"https:\/\/www.secheep.gob.ar\/index.php?rest_route=\/wp\/v2\/types\/page"}],"author":[{"embeddable":true,"href":"https:\/\/www.secheep.gob.ar\/index.php?rest_route=\/wp\/v2\/users\/1"}],"replies":[{"embeddable":true,"href":"https:\/\/www.secheep.gob.ar\/index.php?rest_route=%2Fwp%2Fv2%2Fcomments&post=666"}],"version-history":[{"count":53,"href":"https:\/\/www.secheep.gob.ar\/index.php?rest_route=\/wp\/v2\/pages\/666\/revisions"}],"predecessor-version":[{"id":7061,"href":"https:\/\/www.secheep.gob.ar\/index.php?rest_route=\/wp\/v2\/pages\/666\/revisions\/7061"}],"wp:attachment":[{"href":"https:\/\/www.secheep.gob.ar\/index.php?rest_route=%2Fwp%2Fv2%2Fmedia&parent=666"}],"curies":[{"name":"wp","href":"https:\/\/api.w.org\/{rel}","templated":true}]}}