{"id":5355,"date":"2021-01-05T09:41:51","date_gmt":"2021-01-05T12:41:51","guid":{"rendered":"http:\/\/new.secheep.com\/?page_id=5355"},"modified":"2024-07-17T09:04:49","modified_gmt":"2024-07-17T12:04:49","slug":"factura","status":"publish","type":"page","link":"https:\/\/www.secheep.gob.ar\/?page_id=5355","title":{"rendered":"factura"},"content":{"rendered":"<p>[et_pb_section fb_built=\u00bb1&#8243; disabled_on=\u00bboff|off|off\u00bb _builder_version=\u00bb4.25.2&#8243; _module_preset=\u00bbdefault\u00bb background_color=\u00bb#ededed\u00bb background_image=\u00bbhttps:\/\/www.secheep.gob.ar\/wp-content\/uploads\/2024\/07\/fondo@150x.png\u00bb background_size=\u00bbcontain\u00bb global_colors_info=\u00bb{}\u00bb][et_pb_row _builder_version=\u00bb4.16&#8243; _module_preset=\u00bbdefault\u00bb global_colors_info=\u00bb{}\u00bb][et_pb_column type=\u00bb4_4&#8243; _builder_version=\u00bb4.16&#8243; _module_preset=\u00bbdefault\u00bb global_colors_info=\u00bb{}\u00bb][et_pb_text _builder_version=\u00bb4.26.1&#8243; _module_preset=\u00bbdefault\u00bb text_text_color=\u00bb#FFFFFF\u00bb header_text_color=\u00bb#FFFFFF\u00bb background_color=\u00bb#1e63a5&#8243; width=\u00bb57%\u00bb custom_margin=\u00bb|0px||0px|false|false\u00bb custom_padding=\u00bb5px|13px|5px|13px|true|true\u00bb hover_enabled=\u00bb0&#8243; border_radii=\u00bbon|16px|16px|16px|16px\u00bb box_shadow_style=\u00bbpreset1&#8243; global_colors_info=\u00bb{}\u00bb text_font_size_last_edited=\u00bbon|phone\u00bb sticky_enabled=\u00bb0&#8243; text_font_size_phone=\u00bb15px\u00bb header_font_size_last_edited=\u00bbon|phone\u00bb header_font_size_phone=\u00bb24px\u00bb width_last_edited=\u00bbon|phone\u00bb width_phone=\u00bb100%\u00bb width_tablet=\u00bb57%\u00bb]<\/p>\n<p class=\"p1\">CONOC\u00c9 TODOS LOS<\/p>\n<h1 class=\"p1\"><strong>DETALLES DE TU FACTURA DE SECHEEP<\/strong><\/h1>\n<p>[\/et_pb_text][et_pb_divider show_divider=\u00bboff\u00bb _builder_version=\u00bb4.25.2&#8243; _module_preset=\u00bbdefault\u00bb global_colors_info=\u00bb{}\u00bb][\/et_pb_divider][et_pb_image src=\u00bbhttps:\/\/www.secheep.gob.ar\/wp-content\/uploads\/2024\/07\/detalle-factura-web@150x.png\u00bb title_text=\u00bbdetalle de factura para celular@150x\u00bb _builder_version=\u00bb4.26.1&#8243; _module_preset=\u00bbdefault\u00bb hover_enabled=\u00bb0&#8243; global_colors_info=\u00bb{}\u00bb src_last_edited=\u00bbon|desktop\u00bb sticky_enabled=\u00bb0&#8243; src_phone=\u00bbhttps:\/\/www.secheep.gob.ar\/wp-content\/uploads\/2024\/07\/detalle-de-factura-para-celular@150x.png\u00bb src_tablet=\u00bbhttps:\/\/www.secheep.gob.ar\/wp-content\/uploads\/2024\/07\/detalle-factura-web@150x.png\u00bb][\/et_pb_image][\/et_pb_column][\/et_pb_row][\/et_pb_section][et_pb_section fb_built=\u00bb1&#8243; disabled_on=\u00bbon|on|on\u00bb _builder_version=\u00bb4.25.2&#8243; _module_preset=\u00bbdefault\u00bb background_color=\u00bb#f9f9f9&#8243; disabled=\u00bbon\u00bb global_colors_info=\u00bb{}\u00bb][et_pb_row _builder_version=\u00bb4.16&#8243; _module_preset=\u00bbdefault\u00bb global_colors_info=\u00bb{}\u00bb][et_pb_column type=\u00bb4_4&#8243; _builder_version=\u00bb4.16&#8243; _module_preset=\u00bbdefault\u00bb global_colors_info=\u00bb{}\u00bb][et_pb_image src=\u00bbhttp:\/\/new.secheep.com\/wp-content\/uploads\/2021\/01\/INFOGRAFIA-SECHEEP-PAGINA-01-1.png\u00bb title_text=\u00bbINFOGRAFIA-SECHEEP-PAGINA-01-(1)\u00bb disabled_on=\u00bboff|off|off\u00bb _builder_version=\u00bb4.25.2&#8243; _module_preset=\u00bbdefault\u00bb global_colors_info=\u00bb{}\u00bb][\/et_pb_image][et_pb_text disabled_on=\u00bboff|off|off\u00bb _builder_version=\u00bb4.25.2&#8243; _module_preset=\u00bbdefault\u00bb global_colors_info=\u00bb{}\u00bb]<\/p>\n<p>1- IDENTIFICACI\u00d3N DEL CLIENTE Y DIRECCI\u00d3N POSTAL A LA QUE SE ENV\u00cdA LA FACTURA.<\/p>\n<p>2- C\u00d3DIGO DE PAGO LINK, N\u00daMERO DE CLIENTE, SUMINISTRO, N\u00daMERO DE FACTURA,<br \/>PER\u00cdODO FACTURADO, FECHA DE EMISI\u00d3N.<\/p>\n<p>3- VENCIMIENTO DE LA FACTURA.<\/p>\n<p>4- CATEGOR\u00cdA<\/p>\n<p>5- DIRECCI\u00d3N DEL SUMINISTRO FACTURADO.<\/p>\n<p>6- N\u00daMERO DE MEDIDOR.<\/p>\n<p>7- MUESTRA LA LECTURA TOMADA EN EL PER\u00cdODO ANTERIOR; LA NUEVA LECTURA<br \/>Y LA CANTIDAD DE D\u00cdAS FACTURADOS.<\/p>\n<p>8- CONSUMO FACTURADO.<\/p>\n<p>9- VENCIMIENTO DE LA PR\u00d3XIMA FACTURA.<\/p>\n<p>10- HISTORIA DE CONSUMOS REGISTRADOS EN LOS \u00daLTIMOS DOCE MESES.<\/p>\n<p>11 CONCEPTOS QUE INTEGRAN EL DETALLE DE LA FACTURACI\u00d3N, SIN RECARGOS,<br \/>IMPUESTOS PROVINCIALES Y NACIONALES. FECHA DE VENCIMIENTO Y TOTAL A PAGAR.<\/p>\n<p>12- ESPACIO CON INFORMACIONES DE SECHEEP PARA EL CLIENTE.<\/p>\n<p>13- AVISO DE CORTE.<\/p>\n<p>14- FECHA DEL SEGUNDO VENCIMIENTO CON RECARGO E IMPORTE A PAGAR.<\/p>\n<p>15- TOTAL A PAGAR<\/p>\n<p><img loading=\"lazy\" src=\"https:\/\/www.secheep.gob.ar\/wp-content\/uploads\/2024\/02\/Logo-Secheep-gobierno-nuevo-color@150x-300x60.png\" width=\"300\" height=\"60\" alt=\"\" class=\"wp-image-6598 alignnone size-medium\" style=\"display: block; margin-left: auto; margin-right: auto;\" \/><\/p>\n<p>[\/et_pb_text][\/et_pb_column][\/et_pb_row][\/et_pb_section]<\/p>\n","protected":false},"excerpt":{"rendered":"<p>CONOC\u00c9 TODOS LOS DETALLES DE TU FACTURA DE SECHEEP1- IDENTIFICACI\u00d3N DEL CLIENTE Y DIRECCI\u00d3N POSTAL A LA QUE SE ENV\u00cdA LA FACTURA. 2- C\u00d3DIGO DE PAGO LINK, N\u00daMERO DE CLIENTE, SUMINISTRO, N\u00daMERO DE FACTURA,PER\u00cdODO FACTURADO, FECHA DE EMISI\u00d3N. 3- VENCIMIENTO DE LA FACTURA. 4- CATEGOR\u00cdA 5- DIRECCI\u00d3N DEL SUMINISTRO FACTURADO. 6- N\u00daMERO DE MEDIDOR. 7- [&hellip;]<\/p>\n","protected":false},"author":1,"featured_media":0,"parent":0,"menu_order":0,"comment_status":"closed","ping_status":"closed","template":"","meta":{"_et_pb_use_builder":"on","_et_pb_old_content":"","_et_gb_content_width":"","_joinchat":[]},"_links":{"self":[{"href":"https:\/\/www.secheep.gob.ar\/index.php?rest_route=\/wp\/v2\/pages\/5355"}],"collection":[{"href":"https:\/\/www.secheep.gob.ar\/index.php?rest_route=\/wp\/v2\/pages"}],"about":[{"href":"https:\/\/www.secheep.gob.ar\/index.php?rest_route=\/wp\/v2\/types\/page"}],"author":[{"embeddable":true,"href":"https:\/\/www.secheep.gob.ar\/index.php?rest_route=\/wp\/v2\/users\/1"}],"replies":[{"embeddable":true,"href":"https:\/\/www.secheep.gob.ar\/index.php?rest_route=%2Fwp%2Fv2%2Fcomments&post=5355"}],"version-history":[{"count":17,"href":"https:\/\/www.secheep.gob.ar\/index.php?rest_route=\/wp\/v2\/pages\/5355\/revisions"}],"predecessor-version":[{"id":7422,"href":"https:\/\/www.secheep.gob.ar\/index.php?rest_route=\/wp\/v2\/pages\/5355\/revisions\/7422"}],"wp:attachment":[{"href":"https:\/\/www.secheep.gob.ar\/index.php?rest_route=%2Fwp%2Fv2%2Fmedia&parent=5355"}],"curies":[{"name":"wp","href":"https:\/\/api.w.org\/{rel}","templated":true}]}}