{"id":193,"date":"2020-07-03T11:16:10","date_gmt":"2020-07-03T14:16:10","guid":{"rendered":"http:\/\/reacciononline.com\/secheep\/?page_id=193"},"modified":"2022-06-23T18:23:24","modified_gmt":"2022-06-23T21:23:24","slug":"historia-de-secheep","status":"publish","type":"page","link":"https:\/\/www.secheep.gob.ar\/?page_id=193","title":{"rendered":"Historia de Secheep"},"content":{"rendered":"<p>[et_pb_section fb_built=\u00bb1&#8243; fullwidth=\u00bbon\u00bb admin_label=\u00bbSection\u00bb _builder_version=\u00bb4.16&#8243; _module_preset=\u00bbdefault\u00bb top_divider_color=\u00bb#1268b3&#8243; global_colors_info=\u00bb{}\u00bb][et_pb_fullwidth_header title=\u00bbHistoria de SECHEEP\u00bb text_orientation=\u00bbcenter\u00bb admin_label=\u00bbHero Section\u00bb _builder_version=\u00bb4.16&#8243; title_font=\u00bbMontserrat|on|||\u00bb title_font_size=\u00bb60px\u00bb title_line_height=\u00bb1.4em\u00bb content_font_size=\u00bb22px\u00bb content_line_height=\u00bb1.8em\u00bb subhead_font=\u00bb||||\u00bb background_enable_color=\u00bboff\u00bb use_background_color_gradient=\u00bbon\u00bb background_color_gradient_direction=\u00bb144deg\u00bb background_color_gradient_stops=\u00bbrgba(40,113,183,0.51) 0%|#1d60a9 100%\u00bb background_color_gradient_overlays_image=\u00bbon\u00bb background_color_gradient_start=\u00bbrgba(40,113,183,0.51)\u00bb background_color_gradient_end=\u00bb#1d60a9&#8243; background_image=\u00bbhttp:\/\/new.secheep.com\/wp-content\/uploads\/2020\/07\/fondo.jpg\u00bb custom_button_one=\u00bbon\u00bb button_one_text_size=\u00bb16px\u00bb button_one_bg_color=\u00bb#6eba01&#8243; button_one_border_width=\u00bb2px\u00bb button_one_border_color=\u00bb#6eba01&#8243; button_one_border_radius=\u00bb0&#8243; button_one_letter_spacing=\u00bb2&#8243; button_one_font=\u00bbMontserrat|||on|\u00bb button_one_use_icon=\u00bboff\u00bb custom_button_two=\u00bbon\u00bb button_two_text_size=\u00bb16px\u00bb button_two_border_width=\u00bb2px\u00bb button_two_border_color=\u00bb#ffffff\u00bb button_two_border_radius=\u00bb0&#8243; button_two_letter_spacing=\u00bb2&#8243; button_two_font=\u00bbMontserrat|||on|\u00bb button_two_use_icon=\u00bboff\u00bb module_alignment=\u00bbleft\u00bb min_height=\u00bb426px\u00bb custom_padding=\u00bb111px||3px|||\u00bb animation_style=\u00bbfade\u00bb button_one_text_color_hover=\u00bb#6eba01&#8243; button_two_text_color_hover=\u00bb#6eba01&#8243; button_one_border_color_hover=\u00bb#ffffff\u00bb button_two_border_color_hover=\u00bb#ffffff\u00bb button_one_border_radius_hover=\u00bb0&#8243; button_two_border_radius_hover=\u00bb0&#8243; button_one_letter_spacing_hover=\u00bb2&#8243; button_two_letter_spacing_hover=\u00bb2&#8243; button_one_bg_color_hover=\u00bb#ffffff\u00bb button_two_bg_color_hover=\u00bb#ffffff\u00bb global_colors_info=\u00bb{}\u00bb button_one_text_size__hover_enabled=\u00bboff\u00bb button_two_text_size__hover_enabled=\u00bboff\u00bb button_one_text_color__hover_enabled=\u00bbon\u00bb button_one_text_color__hover=\u00bb#6eba01&#8243; button_two_text_color__hover_enabled=\u00bbon\u00bb button_two_text_color__hover=\u00bb#6eba01&#8243; button_one_border_width__hover_enabled=\u00bboff\u00bb button_two_border_width__hover_enabled=\u00bboff\u00bb button_one_border_color__hover_enabled=\u00bbon\u00bb button_one_border_color__hover=\u00bb#ffffff\u00bb button_two_border_color__hover_enabled=\u00bbon\u00bb button_two_border_color__hover=\u00bb#ffffff\u00bb button_one_border_radius__hover_enabled=\u00bbon\u00bb button_one_border_radius__hover=\u00bb0&#8243; button_two_border_radius__hover_enabled=\u00bbon\u00bb button_two_border_radius__hover=\u00bb0&#8243; button_one_letter_spacing__hover_enabled=\u00bbon\u00bb button_one_letter_spacing__hover=\u00bb2&#8243; button_two_letter_spacing__hover_enabled=\u00bbon\u00bb button_two_letter_spacing__hover=\u00bb2&#8243; button_one_bg_color__hover_enabled=\u00bbon\u00bb button_one_bg_color__hover=\u00bb#ffffff\u00bb button_two_bg_color__hover_enabled=\u00bbon\u00bb button_two_bg_color__hover=\u00bb#ffffff\u00bb][\/et_pb_fullwidth_header][\/et_pb_section][et_pb_section fb_built=\u00bb1&#8243; admin_label=\u00bbHeader\u00bb _builder_version=\u00bb4.16&#8243; background_enable_color=\u00bboff\u00bb background_color_gradient_direction=\u00bb160deg\u00bb background_enable_image=\u00bboff\u00bb parallax=\u00bbon\u00bb overflow-x=\u00bbhidden\u00bb overflow-y=\u00bbhidden\u00bb custom_margin=\u00bb||||false|false\u00bb custom_padding=\u00bb||||false|false\u00bb top_divider_color=\u00bb#1269b3&#8243; top_divider_height=\u00bb60px\u00bb bottom_divider_style=\u00bbramp2&#8243; bottom_divider_color=\u00bb#1268b3&#8243; bottom_divider_height=\u00bb54px\u00bb bottom_divider_flip=\u00bbhorizontal\u00bb locked=\u00bboff\u00bb global_colors_info=\u00bb{}\u00bb][et_pb_row use_custom_gutter=\u00bbon\u00bb gutter_width=\u00bb4&#8243; make_equal=\u00bbon\u00bb _builder_version=\u00bb4.16&#8243; background_enable_color=\u00bboff\u00bb width=\u00bb100%\u00bb overflow-x=\u00bbvisible\u00bb overflow-y=\u00bbvisible\u00bb custom_margin=\u00bb|||||false\u00bb custom_padding=\u00bb0px|35px|0px|35px|true|true\u00bb box_shadow_style=\u00bbpreset3&#8243; box_shadow_vertical=\u00bb26px\u00bb box_shadow_blur=\u00bb90px\u00bb box_shadow_spread=\u00bb-14px\u00bb box_shadow_color=\u00bbrgba(0,71,214,0.18)\u00bb locked=\u00bboff\u00bb global_colors_info=\u00bb{}\u00bb box_shadow_vertical__hover=\u00bb10px\u00bb box_shadow_vertical__hover_enabled=\u00bboff\u00bb box_shadow_blur__hover=\u00bb20px\u00bb box_shadow_blur__hover_enabled=\u00bboff\u00bb box_shadow_color__hover=\u00bb#2585b2&#8243;][et_pb_column type=\u00bb4_4&#8243; admin_label=\u00bbColumn\u00bb _builder_version=\u00bb4.16&#8243; custom_padding=\u00bb80px||||false|false\u00bb custom_padding_tablet=\u00bb0px||||false|false\u00bb custom_padding_phone=\u00bb\u00bb custom_padding_last_edited=\u00bbon|tablet\u00bb global_colors_info=\u00bb{}\u00bb][et_pb_text admin_label=\u00bbText\u00bb _builder_version=\u00bb4.16&#8243; text_font=\u00bbMontserrat||||||||\u00bb text_font_size=\u00bb14px\u00bb header_3_font=\u00bbMontserrat Alternates|700|||||||\u00bb header_3_text_color=\u00bb#1d60a9&#8243; min_height=\u00bb708px\u00bb global_colors_info=\u00bb{}\u00bb]<\/p>\n<h3><strong>CREACI\u00d3N DE SECHEEP<\/strong><\/h3>\n<p>El 30 de octubre de 1973, se sanciona la Ley N\u00b0 1307, cre\u00e1ndose por medio de la misma SERVICIOS ENERG\u00c9TICOS DEL CHACO EMPRESA DEL ESTADO PROVINCIAL (S.E.CH.E.E.P), organismo que tom\u00f3 a su cargo la prestaci\u00f3n de los servicios que atend\u00eda Di.G.E.CH. en primer lugar, luego asumi\u00f3 paulatinamente las responsabilidades de prestar el servicio que ten\u00edan cooperativas de diversas poblaciones.<\/p>\n<p>De acuerdo con la Ley mencionada, a la Empresa se le asigna las siguientes funciones en todo el Territorio Provincial:<\/p>\n<ul>\n<li>La explotaci\u00f3n y administraci\u00f3n de centrales el\u00e9ctricas, medios de transmisi\u00f3n, estaciones transformadoras y redes de distribuci\u00f3n.<\/li>\n<li>El suministro el\u00e9ctrico a los usuarios y redes de alumbrado p\u00fablico.<\/li>\n<li>La compra venta de energ\u00eda en barra.<\/li>\n<li>Realizaci\u00f3n de estudios, proyectos y construcciones de las redes urbanas de distribuci\u00f3n, por si o por terceros.<\/li>\n<li>El estudio, elaboraci\u00f3n y proposici\u00f3n de tarifas de los servicios p\u00fablicos de electricidad de jurisdicci\u00f3n provincial, como as\u00ed tambi\u00e9n el establecimiento de tasas y otras contribuciones por prestaci\u00f3n del servicio. Su aprobaci\u00f3n se operar\u00e1 por el poder Ejecutivo, a trav\u00e9s del Ministerio de Econom\u00eda y obras P\u00fablicas.<\/li>\n<li>El estudio y proposici\u00f3n de sistemas de financiaci\u00f3n, con recursos propios o de terceros, provinciales, nacionales o internacionales, para la ejecuci\u00f3n de obras de energ\u00eda el\u00e9ctrica.<\/li>\n<\/ul>\n<p>&nbsp;<\/p>\n<h3><strong>TRANSFERENCIA DE LOS SERVICIOS DE AGUA Y ENERG\u00cdA A S.E.CH.E.E.P<\/strong><\/h3>\n<p>Finalmente, a partir del 1 \u00b0 de junio de 1982 se hace cargo de los Servicios El\u00e9ctricos del \u00c1rea Metropolitana que hasta esa fecha eran prestados por Agua y Energ\u00eda El\u00e9ctrica Sociedad del Estado, quien mediante Convenio del d\u00eda 19 de febrero de 1981 determina la cesi\u00f3n de todos sus bienes e Instalaciones, a favor de la Provincia del Chaco, que luego cede en tenencia y uso a S.E.CH.E.E.P en un mismo acto a partir de M\u00b0 de junio de 1982.<\/p>\n<p>[\/et_pb_text][\/et_pb_column][\/et_pb_row][\/et_pb_section]<\/p>\n","protected":false},"excerpt":{"rendered":"<p>CREACI\u00d3N DE SECHEEP El 30 de octubre de 1973, se sanciona la Ley N\u00b0 1307, cre\u00e1ndose por medio de la misma SERVICIOS ENERG\u00c9TICOS DEL CHACO EMPRESA DEL ESTADO PROVINCIAL (S.E.CH.E.E.P), organismo que tom\u00f3 a su cargo la prestaci\u00f3n de los servicios que atend\u00eda Di.G.E.CH. en primer lugar, luego asumi\u00f3 paulatinamente las responsabilidades de prestar el [&hellip;]<\/p>\n","protected":false},"author":1,"featured_media":0,"parent":0,"menu_order":0,"comment_status":"closed","ping_status":"closed","template":"","meta":{"_et_pb_use_builder":"on","_et_pb_old_content":"","_et_gb_content_width":"","_joinchat":[]},"_links":{"self":[{"href":"https:\/\/www.secheep.gob.ar\/index.php?rest_route=\/wp\/v2\/pages\/193"}],"collection":[{"href":"https:\/\/www.secheep.gob.ar\/index.php?rest_route=\/wp\/v2\/pages"}],"about":[{"href":"https:\/\/www.secheep.gob.ar\/index.php?rest_route=\/wp\/v2\/types\/page"}],"author":[{"embeddable":true,"href":"https:\/\/www.secheep.gob.ar\/index.php?rest_route=\/wp\/v2\/users\/1"}],"replies":[{"embeddable":true,"href":"https:\/\/www.secheep.gob.ar\/index.php?rest_route=%2Fwp%2Fv2%2Fcomments&post=193"}],"version-history":[{"count":18,"href":"https:\/\/www.secheep.gob.ar\/index.php?rest_route=\/wp\/v2\/pages\/193\/revisions"}],"predecessor-version":[{"id":6000,"href":"https:\/\/www.secheep.gob.ar\/index.php?rest_route=\/wp\/v2\/pages\/193\/revisions\/6000"}],"wp:attachment":[{"href":"https:\/\/www.secheep.gob.ar\/index.php?rest_route=%2Fwp%2Fv2%2Fmedia&parent=193"}],"curies":[{"name":"wp","href":"https:\/\/api.w.org\/{rel}","templated":true}]}}