{"id":1525,"date":"2020-12-22T12:37:12","date_gmt":"2020-12-22T15:37:12","guid":{"rendered":"http:\/\/new.secheep.com\/?page_id=1525"},"modified":"2026-02-13T10:10:32","modified_gmt":"2026-02-13T13:10:32","slug":"consumo-responsable","status":"publish","type":"page","link":"https:\/\/www.secheep.gob.ar\/?page_id=1525","title":{"rendered":"CONSUMO RESPONSABLE"},"content":{"rendered":"<p>[et_pb_section fb_built=\u00bb1&#8243; fullwidth=\u00bbon\u00bb _builder_version=\u00bb4.27.2&#8243; _module_preset=\u00bbdefault\u00bb background_color=\u00bbgcid-aded7d43-92b8-43fb-a8ba-e840a5304eee\u00bb hover_enabled=\u00bb0&#8243; da_disable_devices=\u00bboff|off|off\u00bb global_colors_info=\u00bb{%22gcid-aded7d43-92b8-43fb-a8ba-e840a5304eee%22:%91%22background_color%22%93}\u00bb sticky_enabled=\u00bb0&#8243; disabled_on=\u00bbon|on|on\u00bb disabled=\u00bbon\u00bb da_is_popup=\u00bboff\u00bb da_exit_intent=\u00bboff\u00bb da_has_close=\u00bbon\u00bb da_alt_close=\u00bboff\u00bb da_dark_close=\u00bboff\u00bb da_not_modal=\u00bbon\u00bb da_is_singular=\u00bboff\u00bb da_with_loader=\u00bboff\u00bb da_has_shadow=\u00bbon\u00bb][et_pb_fullwidth_header title=\u00bbCUIDEMOS LA ENERG\u00cdA ENTRE TODOS\u00bb _builder_version=\u00bb4.27.2&#8243; _module_preset=\u00bbdefault\u00bb title_font=\u00bbMontserrat|800|||||||\u00bb content_font=\u00bbMontserrat|300|||||||\u00bb background_enable_color=\u00bboff\u00bb background_enable_image=\u00bboff\u00bb background_position=\u00bbtop_center\u00bb hover_enabled=\u00bb0&#8243; global_colors_info=\u00bb{}\u00bb sticky_enabled=\u00bb0&#8243;]<\/p>\n<p><audio class=\"audio-for-speech\"><\/audio><\/p>\n<div class=\"translate-tooltip-mtz blue sm-root translate hidden_translate\">\n<div class=\"header-wrapper\">\n<div class=\"header-controls\"><span class=\"sound-translate\"><\/span> <span class=\"copy blue\"><\/span> <span class=\"settings-translator\"><\/span><\/div>\n<\/div>\n<div class=\"trans_controls\">\n<div class=\"trans_controls__control-wrapper selection\">Ahorr\u00e1 dinero en tus facturas de electricidad, haciendo un uso responsable de la energ\u00eda.<\/div>\n<\/div>\n<\/div>\n<p>[\/et_pb_fullwidth_header][\/et_pb_section][et_pb_section fb_built=\u00bb1&#8243; _builder_version=\u00bb4.16&#8243; _module_preset=\u00bbdefault\u00bb da_disable_devices=\u00bboff|off|off\u00bb global_colors_info=\u00bb{}\u00bb da_is_popup=\u00bboff\u00bb da_exit_intent=\u00bboff\u00bb da_has_close=\u00bbon\u00bb da_alt_close=\u00bboff\u00bb da_dark_close=\u00bboff\u00bb da_not_modal=\u00bbon\u00bb da_is_singular=\u00bboff\u00bb da_with_loader=\u00bboff\u00bb da_has_shadow=\u00bbon\u00bb][et_pb_row disabled_on=\u00bboff|off|off\u00bb _builder_version=\u00bb4.27.2&#8243; _module_preset=\u00bbdefault\u00bb custom_padding=\u00bb0px||19px|||\u00bb hover_enabled=\u00bb0&#8243; global_colors_info=\u00bb{}\u00bb sticky_enabled=\u00bb0&#8243;][et_pb_column type=\u00bb4_4&#8243; _builder_version=\u00bb4.16&#8243; _module_preset=\u00bbdefault\u00bb global_colors_info=\u00bb{}\u00bb][et_pb_text disabled_on=\u00bbon|on|on\u00bb _builder_version=\u00bb4.27.2&#8243; _module_preset=\u00bbdefault\u00bb header_font=\u00bbMontserrat|800||on|||||\u00bb header_text_align=\u00bbcenter\u00bb header_text_color=\u00bbgcid-aded7d43-92b8-43fb-a8ba-e840a5304eee\u00bb header_2_font=\u00bb||||||||\u00bb header_2_text_color=\u00bb#606060&#8243; custom_margin=\u00bb5%||||false|false\u00bb custom_padding=\u00bb0px||0px|||\u00bb hover_enabled=\u00bb0&#8243; global_colors_info=\u00bb{%22gcid-aded7d43-92b8-43fb-a8ba-e840a5304eee%22:%91%22header_text_color%22%93}\u00bb sticky_enabled=\u00bb0&#8243; disabled=\u00bbon\u00bb]<\/p>\n<h1 style=\"text-align: left;\">Ahorro de invierno\u2744\ufe0f<\/h1>\n<p>[\/et_pb_text][\/et_pb_column][\/et_pb_row][et_pb_row column_structure=\u00bb1_2,1_2&#8243; use_custom_gutter=\u00bbon\u00bb gutter_width=\u00bb2&#8243; make_equal=\u00bbon\u00bb disabled_on=\u00bbon|on|on\u00bb _builder_version=\u00bb4.27.2&#8243; _module_preset=\u00bbdefault\u00bb max_width=\u00bb1920px\u00bb disabled=\u00bbon\u00bb global_colors_info=\u00bb{}\u00bb][et_pb_column type=\u00bb1_2&#8243; _builder_version=\u00bb4.23.4&#8243; _module_preset=\u00bbdefault\u00bb global_colors_info=\u00bb{}\u00bb][et_pb_image src=\u00bbhttps:\/\/www.secheep.gob.ar\/wp-content\/uploads\/2024\/05\/AHORRO-DE-ENERGIA-FRIO-1.1.png\u00bb title_text=\u00bbAHORRO-DE-ENERGIA&#8212;FRIO-1.1&#8243; show_in_lightbox=\u00bbon\u00bb _builder_version=\u00bb4.25.1&#8243; _module_preset=\u00bbdefault\u00bb global_colors_info=\u00bb{}\u00bb][\/et_pb_image][et_pb_image src=\u00bbhttps:\/\/www.secheep.gob.ar\/wp-content\/uploads\/2024\/05\/AHORRO-DE-ENERGIA-FRIO-4.1.png\u00bb title_text=\u00bbAHORRO-DE-ENERGIA&#8212;FRIO-4.1&#8243; show_in_lightbox=\u00bbon\u00bb _builder_version=\u00bb4.25.1&#8243; _module_preset=\u00bbdefault\u00bb global_colors_info=\u00bb{}\u00bb][\/et_pb_image][et_pb_image src=\u00bbhttps:\/\/www.secheep.gob.ar\/wp-content\/uploads\/2024\/05\/AHORRO-DE-ENERGIA-FRIO-6.1.png\u00bb title_text=\u00bbAHORRO-DE-ENERGIA&#8212;FRIO-6.1&#8243; show_in_lightbox=\u00bbon\u00bb _builder_version=\u00bb4.25.1&#8243; _module_preset=\u00bbdefault\u00bb global_colors_info=\u00bb{}\u00bb][\/et_pb_image][\/et_pb_column][et_pb_column type=\u00bb1_2&#8243; _builder_version=\u00bb4.23.4&#8243; _module_preset=\u00bbdefault\u00bb global_colors_info=\u00bb{}\u00bb][et_pb_image src=\u00bbhttps:\/\/www.secheep.gob.ar\/wp-content\/uploads\/2024\/05\/AHORRO-DE-ENERGIA-FRIO-3.1.png\u00bb title_text=\u00bbAHORRO-DE-ENERGIA&#8212;FRIO-3.1&#8243; show_in_lightbox=\u00bbon\u00bb _builder_version=\u00bb4.25.1&#8243; _module_preset=\u00bbdefault\u00bb global_colors_info=\u00bb{}\u00bb][\/et_pb_image][et_pb_image src=\u00bbhttps:\/\/www.secheep.gob.ar\/wp-content\/uploads\/2024\/05\/AHORRO-DE-ENERGIA-FRIO-5.1.png\u00bb title_text=\u00bbAHORRO-DE-ENERGIA&#8212;FRIO-5.1&#8243; show_in_lightbox=\u00bbon\u00bb _builder_version=\u00bb4.25.1&#8243; _module_preset=\u00bbdefault\u00bb global_colors_info=\u00bb{}\u00bb][\/et_pb_image][et_pb_image src=\u00bbhttps:\/\/www.secheep.gob.ar\/wp-content\/uploads\/2024\/05\/calefaccion-eficiente-1.png\u00bb title_text=\u00bbcalefaccion eficiente\u00bb show_in_lightbox=\u00bbon\u00bb _builder_version=\u00bb4.25.1&#8243; _module_preset=\u00bbdefault\u00bb global_colors_info=\u00bb{}\u00bb][\/et_pb_image][\/et_pb_column][\/et_pb_row][et_pb_row _builder_version=\u00bb4.27.2&#8243; _module_preset=\u00bbdefault\u00bb][et_pb_column _builder_version=\u00bb4.27.2&#8243; _module_preset=\u00bbdefault\u00bb type=\u00bb4_4&#8243;][et_pb_text _builder_version=\u00bb4.27.2&#8243; _module_preset=\u00bbdefault\u00bb hover_enabled=\u00bb0&#8243; sticky_enabled=\u00bb0&#8243; text_text_color=\u00bb#bc007f\u00bb text_font_size=\u00bb32px\u00bb]<\/p>\n<p><strong>AHORRO DE VERANO<\/strong><\/p>\n<p>[\/et_pb_text][\/et_pb_column][\/et_pb_row][et_pb_row column_structure=\u00bb1_2,1_2&#8243; use_custom_gutter=\u00bbon\u00bb gutter_width=\u00bb2&#8243; make_equal=\u00bbon\u00bb _builder_version=\u00bb4.23.4&#8243; _module_preset=\u00bbdefault\u00bb max_width=\u00bb1920px\u00bb global_colors_info=\u00bb{}\u00bb][et_pb_column type=\u00bb1_2&#8243; _builder_version=\u00bb4.23.4&#8243; _module_preset=\u00bbdefault\u00bb global_colors_info=\u00bb{}\u00bb][et_pb_image src=\u00bbhttps:\/\/www.secheep.gob.ar\/wp-content\/uploads\/2026\/02\/foco_incandescente.jpeg\u00bb title_text=\u00bbfoco_incandescente\u00bb show_in_lightbox=\u00bbon\u00bb _builder_version=\u00bb4.27.2&#8243; _module_preset=\u00bbdefault\u00bb global_colors_info=\u00bb{}\u00bb][\/et_pb_image][et_pb_image src=\u00bbhttps:\/\/www.secheep.gob.ar\/wp-content\/uploads\/2026\/02\/horno_electrico.jpeg\u00bb title_text=\u00bbhorno_electrico\u00bb show_in_lightbox=\u00bbon\u00bb _builder_version=\u00bb4.27.2&#8243; _module_preset=\u00bbdefault\u00bb global_colors_info=\u00bb{}\u00bb][\/et_pb_image][et_pb_image src=\u00bbhttps:\/\/www.secheep.gob.ar\/wp-content\/uploads\/2026\/02\/pava_electrica.jpeg\u00bb title_text=\u00bbpava_electrica\u00bb show_in_lightbox=\u00bbon\u00bb _builder_version=\u00bb4.27.2&#8243; _module_preset=\u00bbdefault\u00bb global_colors_info=\u00bb{}\u00bb][\/et_pb_image][\/et_pb_column][et_pb_column type=\u00bb1_2&#8243; _builder_version=\u00bb4.23.4&#8243; _module_preset=\u00bbdefault\u00bb global_colors_info=\u00bb{}\u00bb][et_pb_image src=\u00bbhttps:\/\/www.secheep.gob.ar\/wp-content\/uploads\/2026\/02\/aire_acondicionado.jpeg\u00bb title_text=\u00bbaire_acondicionado\u00bb show_in_lightbox=\u00bbon\u00bb _builder_version=\u00bb4.27.2&#8243; _module_preset=\u00bbdefault\u00bb global_colors_info=\u00bb{}\u00bb][\/et_pb_image][et_pb_image src=\u00bbhttps:\/\/www.secheep.gob.ar\/wp-content\/uploads\/2026\/02\/freidora_aire.jpeg\u00bb title_text=\u00bbfreidora_aire\u00bb show_in_lightbox=\u00bbon\u00bb _builder_version=\u00bb4.27.2&#8243; _module_preset=\u00bbdefault\u00bb global_colors_info=\u00bb{}\u00bb][\/et_pb_image][et_pb_image src=\u00bbhttps:\/\/www.secheep.gob.ar\/wp-content\/uploads\/2026\/02\/pava_electrica.jpeg\u00bb title_text=\u00bbpava_electrica\u00bb show_in_lightbox=\u00bbon\u00bb _builder_version=\u00bb4.27.2&#8243; _module_preset=\u00bbdefault\u00bb global_colors_info=\u00bb{}\u00bb][\/et_pb_image][\/et_pb_column][\/et_pb_row][et_pb_row column_structure=\u00bb1_2,1_2&#8243; use_custom_gutter=\u00bbon\u00bb gutter_width=\u00bb2&#8243; make_equal=\u00bbon\u00bb _builder_version=\u00bb4.23.4&#8243; _module_preset=\u00bbdefault\u00bb max_width=\u00bb1920px\u00bb global_colors_info=\u00bb{}\u00bb][et_pb_column type=\u00bb1_2&#8243; _builder_version=\u00bb4.23.4&#8243; _module_preset=\u00bbdefault\u00bb global_colors_info=\u00bb{}\u00bb][et_pb_image src=\u00bbhttps:\/\/www.secheep.gob.ar\/wp-content\/uploads\/2026\/02\/heladera_comun.jpeg\u00bb title_text=\u00bbheladera_comun\u00bb show_in_lightbox=\u00bbon\u00bb _builder_version=\u00bb4.27.2&#8243; _module_preset=\u00bbdefault\u00bb global_colors_info=\u00bb{}\u00bb][\/et_pb_image][et_pb_image src=\u00bbhttps:\/\/www.secheep.gob.ar\/wp-content\/uploads\/2026\/02\/lavarropas_automatico.jpeg\u00bb title_text=\u00bblavarropas_automatico\u00bb show_in_lightbox=\u00bbon\u00bb _builder_version=\u00bb4.27.2&#8243; _module_preset=\u00bbdefault\u00bb global_colors_info=\u00bb{}\u00bb][\/et_pb_image][et_pb_image src=\u00bbhttps:\/\/www.secheep.gob.ar\/wp-content\/uploads\/2026\/02\/lampara_led.jpeg\u00bb title_text=\u00bblampara_led\u00bb show_in_lightbox=\u00bbon\u00bb _builder_version=\u00bb4.27.2&#8243; _module_preset=\u00bbdefault\u00bb global_colors_info=\u00bb{}\u00bb][\/et_pb_image][\/et_pb_column][et_pb_column type=\u00bb1_2&#8243; _builder_version=\u00bb4.23.4&#8243; _module_preset=\u00bbdefault\u00bb global_colors_info=\u00bb{}\u00bb][et_pb_image src=\u00bbhttps:\/\/www.secheep.gob.ar\/wp-content\/uploads\/2026\/02\/heladera_inverter.jpeg\u00bb title_text=\u00bbheladera_inverter\u00bb show_in_lightbox=\u00bbon\u00bb _builder_version=\u00bb4.27.2&#8243; _module_preset=\u00bbdefault\u00bb global_colors_info=\u00bb{}\u00bb][\/et_pb_image][et_pb_image src=\u00bbhttps:\/\/www.secheep.gob.ar\/wp-content\/uploads\/2026\/02\/lavavajillas.jpeg\u00bb title_text=\u00bblavavajillas\u00bb show_in_lightbox=\u00bbon\u00bb _builder_version=\u00bb4.27.2&#8243; _module_preset=\u00bbdefault\u00bb global_colors_info=\u00bb{}\u00bb][\/et_pb_image][et_pb_image title_text=\u00bbpava_electrica\u00bb show_in_lightbox=\u00bbon\u00bb disabled_on=\u00bbon|on|on\u00bb _builder_version=\u00bb4.27.2&#8243; _module_preset=\u00bbdefault\u00bb disabled=\u00bbon\u00bb global_colors_info=\u00bb{}\u00bb][\/et_pb_image][\/et_pb_column][\/et_pb_row][et_pb_row _builder_version=\u00bb4.16&#8243; _module_preset=\u00bbdefault\u00bb custom_padding=\u00bb0px||19px|||\u00bb global_colors_info=\u00bb{}\u00bb][et_pb_column type=\u00bb4_4&#8243; _builder_version=\u00bb4.16&#8243; _module_preset=\u00bbdefault\u00bb global_colors_info=\u00bb{}\u00bb][et_pb_text _builder_version=\u00bb4.25.1&#8243; _module_preset=\u00bbdefault\u00bb text_font=\u00bbKanit|600|||||||\u00bb text_text_color=\u00bb#dddddd\u00bb header_font=\u00bbKanit|700|||||||\u00bb header_2_font=\u00bbKanit|600|||||||\u00bb header_2_text_color=\u00bb#606060&#8243; custom_margin=\u00bb||10px|||\u00bb custom_padding=\u00bb0px||0px|||\u00bb global_colors_info=\u00bb{}\u00bb]<\/p>\n<section>\n<div class=\"container\">\n<div class=\"panel-pane pane-titulo\">\n<h2 class=\"pane-content\" style=\"text-align: center;\"><span>Adquir\u00ed productos con etiquetas de eficiencia energ\u00e9tica<\/span><\/h2>\n<\/div>\n<\/div>\n<\/section>\n<p>[\/et_pb_text][\/et_pb_column][\/et_pb_row][et_pb_row column_structure=\u00bb1_3,1_3,1_3&#8243; _builder_version=\u00bb4.16&#8243; _module_preset=\u00bbdefault\u00bb custom_padding=\u00bb10px|||||\u00bb global_colors_info=\u00bb{}\u00bb][et_pb_column type=\u00bb1_3&#8243; _builder_version=\u00bb4.16&#8243; _module_preset=\u00bbdefault\u00bb global_colors_info=\u00bb{}\u00bb][et_pb_blurb title=\u00bb\u00bfQu\u00e9 es?\u00bb use_icon=\u00bbon\u00bb font_icon=\u00bb&#x68;||divi||400&#8243; icon_color=\u00bb#2eade3&#8243; _builder_version=\u00bb4.25.1&#8243; _module_preset=\u00bbdefault\u00bb header_font=\u00bbMontserrat Alternates|700|||||||\u00bb header_text_align=\u00bbcenter\u00bb body_font_size=\u00bb14px\u00bb global_colors_info=\u00bb{}\u00bb]<\/p>\n<p style=\"text-align: center;\">Es una herramienta que te permite conocer de manera r\u00e1pida y f\u00e1cil cu\u00e1l es el<span>\u00a0<\/span><strong>consumo<\/strong><span>\u00a0<\/span>de energ\u00eda de los artefactos, electrodom\u00e9sticos o gasodom\u00e9sticos y cu\u00e1l es su<span>\u00a0<\/span><strong>nivel de eficiencia energ\u00e9tica<\/strong>.<\/p>\n<p>[\/et_pb_blurb][\/et_pb_column][et_pb_column type=\u00bb1_3&#8243; _builder_version=\u00bb4.16&#8243; _module_preset=\u00bbdefault\u00bb global_colors_info=\u00bb{}\u00bb][et_pb_blurb title=\u00bb\u00bfD\u00f3nde la encuentro?\u00bb use_icon=\u00bbon\u00bb font_icon=\u00bb&#xe00e;||divi||400&#8243; icon_color=\u00bb#2064ab\u00bb _builder_version=\u00bb4.25.1&#8243; _module_preset=\u00bbdefault\u00bb header_font=\u00bbMontserrat Alternates|700|||||||\u00bb header_text_align=\u00bbcenter\u00bb body_font_size=\u00bb14px\u00bb global_colors_info=\u00bb{}\u00bb]<\/p>\n<p style=\"text-align: center;\">Generalmente est\u00e1 en forma de<span>\u00a0<\/span><strong>adhesivo<\/strong><span>\u00a0<\/span>en un lugar<span>\u00a0<\/span><strong>visible<\/strong><span>\u00a0<\/span>y f\u00e1cil de reconocer.<\/p>\n<p>[\/et_pb_blurb][\/et_pb_column][et_pb_column type=\u00bb1_3&#8243; _builder_version=\u00bb4.16&#8243; _module_preset=\u00bbdefault\u00bb global_colors_info=\u00bb{}\u00bb][et_pb_blurb title=\u00bb\u00bfC\u00f3mo se lee?\u00bb use_icon=\u00bbon\u00bb font_icon=\u00bb&#x55;||divi||400&#8243; icon_color=\u00bb#a7acd6&#8243; _builder_version=\u00bb4.25.1&#8243; _module_preset=\u00bbdefault\u00bb header_font=\u00bbMontserrat Alternates|700|||||||\u00bb header_text_align=\u00bbcenter\u00bb body_font_size=\u00bb14px\u00bb global_colors_info=\u00bb{}\u00bb]<\/p>\n<div class=\"panel-pane pane-texto\">\n<div class=\"pane-content\">\n<div class=\"\">\n<div class=\"col-xs-12 col-sm-6 col-md-4\">\n<div class=\"icon-item\">\n<p style=\"text-align: center;\">Cada letra y color representa un nivel que va en una escala desde el m\u00e1s eficiente (letra<span>\u00a0<\/span><strong>A<\/strong><span>\u00a0<\/span>&#8211; color<span>\u00a0<\/span><span>verde<\/span>) al menos eficiente (letra<span>\u00a0<\/span><strong>G<\/strong><span>\u00a0<\/span>&#8211; color<span>\u00a0<\/span><span>rojo<\/span>). A mayor nivel de eficiencia, menor consumo de energ\u00eda.<\/p>\n<\/div>\n<\/div>\n<\/div>\n<\/div>\n<\/div>\n<div class=\"panel-pane pane-atajos\">\n<div class=\"pane-content\">\n<div class=\"row\"><\/div>\n<\/div>\n<\/div>\n<p>[\/et_pb_blurb][\/et_pb_column][\/et_pb_row][et_pb_row _builder_version=\u00bb4.16&#8243; _module_preset=\u00bbdefault\u00bb custom_padding=\u00bb24px|||||\u00bb global_colors_info=\u00bb{}\u00bb][et_pb_column type=\u00bb4_4&#8243; _builder_version=\u00bb4.16&#8243; _module_preset=\u00bbdefault\u00bb global_colors_info=\u00bb{}\u00bb][et_pb_text _builder_version=\u00bb4.16&#8243; _module_preset=\u00bbdefault\u00bb global_colors_info=\u00bb{}\u00bb]<\/p>\n<section>\n<div class=\"container\">\n<div class=\"panel-pane pane-titulo\">\n<h2 class=\"pane-content\" style=\"text-align: center;\"><strong>\u00bfCu\u00e1les son los mayores consumos en nuestro hogar?<\/strong><\/h2>\n<p class=\"pane-content\" style=\"text-align: center;\"><strong><br \/> <\/strong>En una casa tipo, el uso de energ\u00eda se reparte de la siguiente manera (*):<\/p>\n<\/div>\n<\/div>\n<\/section>\n<section>\n<div class=\"container\">\n<div class=\"panel-pane pane-texto\">\n<div class=\"pane-content\">\n<div class=\"\"><center><img src=\"https:\/\/www.argentina.gob.ar\/sites\/default\/files\/grafico_cuidemos._1.png\" alt=\"\" \/><\/center><\/div>\n<\/div>\n<\/div>\n<\/div>\n<\/section>\n<p>[\/et_pb_text][\/et_pb_column][\/et_pb_row][\/et_pb_section]<\/p>\n","protected":false},"excerpt":{"rendered":"<p>Ahorr\u00e1 dinero en tus facturas de electricidad, haciendo un uso responsable de la energ\u00eda. Ahorro de invierno\u2744\ufe0fAHORRO DE VERANO Adquir\u00ed productos con etiquetas de eficiencia energ\u00e9tica Es una herramienta que te permite conocer de manera r\u00e1pida y f\u00e1cil cu\u00e1l es el\u00a0consumo\u00a0de energ\u00eda de los artefactos, electrodom\u00e9sticos o gasodom\u00e9sticos y cu\u00e1l es su\u00a0nivel de eficiencia energ\u00e9tica.Generalmente [&hellip;]<\/p>\n","protected":false},"author":1,"featured_media":0,"parent":0,"menu_order":0,"comment_status":"closed","ping_status":"closed","template":"","meta":{"_et_pb_use_builder":"on","_et_pb_old_content":"","_et_gb_content_width":"","_joinchat":[]},"_links":{"self":[{"href":"https:\/\/www.secheep.gob.ar\/index.php?rest_route=\/wp\/v2\/pages\/1525"}],"collection":[{"href":"https:\/\/www.secheep.gob.ar\/index.php?rest_route=\/wp\/v2\/pages"}],"about":[{"href":"https:\/\/www.secheep.gob.ar\/index.php?rest_route=\/wp\/v2\/types\/page"}],"author":[{"embeddable":true,"href":"https:\/\/www.secheep.gob.ar\/index.php?rest_route=\/wp\/v2\/users\/1"}],"replies":[{"embeddable":true,"href":"https:\/\/www.secheep.gob.ar\/index.php?rest_route=%2Fwp%2Fv2%2Fcomments&post=1525"}],"version-history":[{"count":23,"href":"https:\/\/www.secheep.gob.ar\/index.php?rest_route=\/wp\/v2\/pages\/1525\/revisions"}],"predecessor-version":[{"id":9249,"href":"https:\/\/www.secheep.gob.ar\/index.php?rest_route=\/wp\/v2\/pages\/1525\/revisions\/9249"}],"wp:attachment":[{"href":"https:\/\/www.secheep.gob.ar\/index.php?rest_route=%2Fwp%2Fv2%2Fmedia&parent=1525"}],"curies":[{"name":"wp","href":"https:\/\/api.w.org\/{rel}","templated":true}]}}